{"id":43,"date":"2025-06-05T06:39:30","date_gmt":"2025-06-05T06:39:30","guid":{"rendered":"https:\/\/pulpiis.oasis444.com\/?page_id=43"},"modified":"2025-06-05T17:35:20","modified_gmt":"2025-06-05T17:35:20","slug":"sobre-nosotros","status":"publish","type":"page","link":"https:\/\/pulpiis.oasis444.com\/index.php\/sobre-nosotros\/","title":{"rendered":"Sobre nosotros"},"content":{"rendered":"\n<h2 class=\"wp-block-heading has-text-align-center has-ast-global-color-0-color has-ast-global-color-5-background-color has-text-color has-background has-link-color has-large-font-size wp-elements-0bf44291d545bfca6789a7dab07b90d3\"><strong>Sobre Nosotros<\/strong><\/h2>\n\n\n\n<div class=\"wp-block-media-text alignfull has-media-on-the-right is-stacked-on-mobile is-vertically-aligned-center is-style-default\" style=\"grid-template-columns:auto 56%\"><div class=\"wp-block-media-text__content\">\n<p class=\"has-text-color\" style=\"color:#636363;font-size:17px;line-height:1.1\">Lo que comenz\u00f3 como una tarea en el aula se transform\u00f3 en una marca con identidad, sabor y prop\u00f3sito. En Pulpiis no solo vendemos comida, compartimos momentos, risas y ese toque especial que solo la amistad puede dar.<\/p>\n\n\n\n<p class=\"has-text-color\" style=\"color:#636363;font-size:17px;line-height:1.1\">\u00a1Gracias por acompa\u00f1arnos en esta deliciosa aventura!<\/p>\n<\/div><figure class=\"wp-block-media-text__media\"><img loading=\"lazy\" decoding=\"async\" width=\"1024\" height=\"1024\" src=\"http:\/\/pulpiis.oasis444.com\/wp-content\/uploads\/2025\/06\/salchichas.jpg\" alt=\"\" class=\"wp-image-96 size-full\" srcset=\"https:\/\/pulpiis.oasis444.com\/wp-content\/uploads\/2025\/06\/salchichas.jpg 1024w, https:\/\/pulpiis.oasis444.com\/wp-content\/uploads\/2025\/06\/salchichas-300x300.jpg 300w, https:\/\/pulpiis.oasis444.com\/wp-content\/uploads\/2025\/06\/salchichas-150x150.jpg 150w, https:\/\/pulpiis.oasis444.com\/wp-content\/uploads\/2025\/06\/salchichas-768x768.jpg 768w\" sizes=\"auto, (max-width: 1024px) 100vw, 1024px\" \/><\/figure><\/div>\n\n\n\n<div style=\"height:100px\" aria-hidden=\"true\" class=\"wp-block-spacer\"><\/div>\n\n\n\n<hr class=\"wp-block-separator has-alpha-channel-opacity\"\/>\n\n\n\n<div class=\"wp-block-columns is-layout-flex wp-container-core-columns-is-layout-28f84493 wp-block-columns-is-layout-flex\">\n<div class=\"wp-block-column is-layout-flow wp-block-column-is-layout-flow\">\n<h4 class=\"wp-block-heading has-text-align-center has-xx-large-font-size\" style=\"margin-right:0;margin-left:0;padding-right:0;padding-left:0\">\u00bfQuienes somos?<\/h4>\n\n\n\n<p class=\"has-text-align-center\">En Pulpiis, creemos que la felicidad se encuentra en los peque\u00f1os placeres de la vida: una buena salchipapa, una banderilla crujiente o un agua fresca que te refresque el d\u00eda. Somos parte de un proyecto entusiasta, nacido en 6to semestre de la materia \u201cProyecto Emprendedor\u201d, con el objetivo de ofrecer botanas deliciosas, accesibles y llenas de sabor.<\/p>\n\n\n\n<div class=\"wp-block-buttons is-content-justification-center is-layout-flex wp-container-core-buttons-is-layout-a89b3969 wp-block-buttons-is-layout-flex\">\n<div class=\"wp-block-button\"><a class=\"wp-block-button__link wp-element-button\">Conoce m\u00e1s<\/a><\/div>\n<\/div>\n<\/div>\n\n\n\n<div class=\"wp-block-column is-layout-flow wp-block-column-is-layout-flow\">\n<h4 class=\"wp-block-heading has-text-align-center has-xx-large-font-size\" style=\"margin-right:0;margin-left:0;padding-right:0;padding-left:0\">Historia<\/h4>\n\n\n\n<p class=\"has-text-align-center\">Pulpiis naci\u00f3 como una idea entre amigos, con el entusiasmo de un proyecto escolar y el sabor de algo mucho m\u00e1s grande. Somos un grupo de j\u00f3venes emprendedores apasionados por crear antojitos irresistibles, y encontramos en las banderillas y salchipapas la receta perfecta para conquistar corazones (y est\u00f3magos).<\/p>\n\n\n\n<div class=\"wp-block-buttons is-content-justification-center is-layout-flex wp-container-core-buttons-is-layout-a89b3969 wp-block-buttons-is-layout-flex\">\n<div class=\"wp-block-button\"><a class=\"wp-block-button__link wp-element-button\">Conoce m\u00e1s<\/a><\/div>\n<\/div>\n<\/div>\n<\/div>\n\n\n\n<hr class=\"wp-block-separator has-alpha-channel-opacity\"\/>\n\n\n\n<div style=\"height:100px\" aria-hidden=\"true\" class=\"wp-block-spacer\"><\/div>\n\n\n\n<div class=\"wp-block-group alignfull is-layout-constrained wp-container-core-group-is-layout-ebee8dc1 wp-block-group-is-layout-constrained\" style=\"margin-top:0;margin-bottom:0;padding-top:var(--wp--preset--spacing--50);padding-bottom:var(--wp--preset--spacing--50)\">\n<h2 class=\"wp-block-heading alignwide\">Nuestros Valores:<\/h2>\n\n\n\n<div class=\"wp-block-columns alignwide is-layout-flex wp-container-core-columns-is-layout-28f84493 wp-block-columns-is-layout-flex\">\n<div class=\"wp-block-column is-layout-flow wp-block-column-is-layout-flow\">\n<figure class=\"wp-block-image size-full\" style=\"margin-bottom:24px\"><img loading=\"lazy\" decoding=\"async\" width=\"2560\" height=\"1920\" src=\"https:\/\/pulpiis.oasis444.com\/wp-content\/uploads\/2025\/06\/IMG_1378-scaled.jpeg\" alt=\"\" class=\"wp-image-62\" style=\"aspect-ratio:4\/3;object-fit:cover\" srcset=\"https:\/\/pulpiis.oasis444.com\/wp-content\/uploads\/2025\/06\/IMG_1378-scaled.jpeg 2560w, https:\/\/pulpiis.oasis444.com\/wp-content\/uploads\/2025\/06\/IMG_1378-300x225.jpeg 300w, https:\/\/pulpiis.oasis444.com\/wp-content\/uploads\/2025\/06\/IMG_1378-1024x768.jpeg 1024w, https:\/\/pulpiis.oasis444.com\/wp-content\/uploads\/2025\/06\/IMG_1378-768x576.jpeg 768w, https:\/\/pulpiis.oasis444.com\/wp-content\/uploads\/2025\/06\/IMG_1378-1536x1152.jpeg 1536w, https:\/\/pulpiis.oasis444.com\/wp-content\/uploads\/2025\/06\/IMG_1378-2048x1536.jpeg 2048w\" sizes=\"auto, (max-width: 2560px) 100vw, 2560px\" \/><\/figure>\n\n\n\n<h3 class=\"wp-block-heading\"><strong>Trabajo en equipo<\/strong><\/h3>\n\n\n\n<p class=\"has-medium-font-size\">Nos caracterizamos por el apoyo que nos brindan nuestros compa\u00f1eros, trabajando juntos para un objetivo final<\/p>\n<\/div>\n\n\n\n<div class=\"wp-block-column is-layout-flow wp-block-column-is-layout-flow\">\n<figure class=\"wp-block-image size-full\" style=\"margin-bottom:24px\"><img loading=\"lazy\" decoding=\"async\" width=\"2560\" height=\"1920\" src=\"https:\/\/pulpiis.oasis444.com\/wp-content\/uploads\/2025\/06\/IMG_1377-scaled.jpeg\" alt=\"\" class=\"wp-image-63\" style=\"aspect-ratio:4\/3;object-fit:cover\" srcset=\"https:\/\/pulpiis.oasis444.com\/wp-content\/uploads\/2025\/06\/IMG_1377-scaled.jpeg 2560w, https:\/\/pulpiis.oasis444.com\/wp-content\/uploads\/2025\/06\/IMG_1377-300x225.jpeg 300w, https:\/\/pulpiis.oasis444.com\/wp-content\/uploads\/2025\/06\/IMG_1377-1024x768.jpeg 1024w, https:\/\/pulpiis.oasis444.com\/wp-content\/uploads\/2025\/06\/IMG_1377-768x576.jpeg 768w, https:\/\/pulpiis.oasis444.com\/wp-content\/uploads\/2025\/06\/IMG_1377-1536x1152.jpeg 1536w, https:\/\/pulpiis.oasis444.com\/wp-content\/uploads\/2025\/06\/IMG_1377-2048x1536.jpeg 2048w\" sizes=\"auto, (max-width: 2560px) 100vw, 2560px\" \/><\/figure>\n\n\n\n<h3 class=\"wp-block-heading\"><strong>Compa\u00f1erismo<\/strong><\/h3>\n\n\n\n<p class=\"has-medium-font-size\">Nuestra prioridad cuando alguien se une a nuestro equipo es el sentimiento de bienvenida que le ofrecemos, con nuestro apoyo y sentimiento de pertenencia<\/p>\n<\/div>\n\n\n\n<div class=\"wp-block-column is-layout-flow wp-block-column-is-layout-flow\">\n<figure class=\"wp-block-image size-full\" style=\"margin-bottom:24px\"><img loading=\"lazy\" decoding=\"async\" width=\"2560\" height=\"1920\" src=\"https:\/\/pulpiis.oasis444.com\/wp-content\/uploads\/2025\/06\/IMG_1379-scaled.jpeg\" alt=\"\" class=\"wp-image-64\" style=\"aspect-ratio:4\/3;object-fit:cover\" srcset=\"https:\/\/pulpiis.oasis444.com\/wp-content\/uploads\/2025\/06\/IMG_1379-scaled.jpeg 2560w, https:\/\/pulpiis.oasis444.com\/wp-content\/uploads\/2025\/06\/IMG_1379-300x225.jpeg 300w, https:\/\/pulpiis.oasis444.com\/wp-content\/uploads\/2025\/06\/IMG_1379-1024x768.jpeg 1024w, https:\/\/pulpiis.oasis444.com\/wp-content\/uploads\/2025\/06\/IMG_1379-768x576.jpeg 768w, https:\/\/pulpiis.oasis444.com\/wp-content\/uploads\/2025\/06\/IMG_1379-1536x1152.jpeg 1536w, https:\/\/pulpiis.oasis444.com\/wp-content\/uploads\/2025\/06\/IMG_1379-2048x1536.jpeg 2048w\" sizes=\"auto, (max-width: 2560px) 100vw, 2560px\" \/><\/figure>\n\n\n\n<h3 class=\"wp-block-heading\"><strong>Respeto<\/strong><\/h3>\n\n\n\n<p class=\"has-medium-font-size\">Buscamos que el respeto siempre exista, tanto con nuestros compa\u00f1eros como con los clientes, ya que es uno de nuestros valores b\u00e1sicos.<\/p>\n<\/div>\n<\/div>\n<\/div>\n\n\n\n<div class=\"wp-block-group alignfull is-layout-constrained wp-container-core-group-is-layout-ebee8dc1 wp-block-group-is-layout-constrained\" style=\"margin-top:0;margin-bottom:0;padding-top:var(--wp--preset--spacing--50);padding-bottom:var(--wp--preset--spacing--50)\">\n<h2 class=\"wp-block-heading alignwide\">Nuestros Principios:<\/h2>\n\n\n\n<div class=\"wp-block-columns alignwide is-layout-flex wp-container-core-columns-is-layout-28f84493 wp-block-columns-is-layout-flex\">\n<div class=\"wp-block-column is-layout-flow wp-block-column-is-layout-flow\">\n<figure class=\"wp-block-image size-large\"><img loading=\"lazy\" decoding=\"async\" width=\"1024\" height=\"768\" src=\"https:\/\/pulpiis.oasis444.com\/wp-content\/uploads\/2025\/06\/IMG_1381-1024x768.jpeg\" alt=\"\" class=\"wp-image-68\" srcset=\"https:\/\/pulpiis.oasis444.com\/wp-content\/uploads\/2025\/06\/IMG_1381-1024x768.jpeg 1024w, https:\/\/pulpiis.oasis444.com\/wp-content\/uploads\/2025\/06\/IMG_1381-300x225.jpeg 300w, https:\/\/pulpiis.oasis444.com\/wp-content\/uploads\/2025\/06\/IMG_1381-768x576.jpeg 768w, https:\/\/pulpiis.oasis444.com\/wp-content\/uploads\/2025\/06\/IMG_1381-1536x1152.jpeg 1536w, https:\/\/pulpiis.oasis444.com\/wp-content\/uploads\/2025\/06\/IMG_1381-2048x1536.jpeg 2048w\" sizes=\"auto, (max-width: 1024px) 100vw, 1024px\" \/><\/figure>\n\n\n\n<h3 class=\"wp-block-heading\"><strong>Misi\u00f3n<\/strong><\/h3>\n\n\n\n<p class=\"has-medium-font-size\">Nuestra misi\u00f3n es crear un lugar de encuentro social con diferentes grupos de personas y ayudar a las personas a convivir mientras brindamos comida y snacks de la mejor calidad.<\/p>\n<\/div>\n\n\n\n<div class=\"wp-block-column is-layout-flow wp-block-column-is-layout-flow\">\n<figure class=\"wp-block-image size-large\"><img loading=\"lazy\" decoding=\"async\" width=\"1024\" height=\"768\" src=\"https:\/\/pulpiis.oasis444.com\/wp-content\/uploads\/2025\/06\/IMG_1380-1024x768.jpeg\" alt=\"\" class=\"wp-image-70\" srcset=\"https:\/\/pulpiis.oasis444.com\/wp-content\/uploads\/2025\/06\/IMG_1380-1024x768.jpeg 1024w, https:\/\/pulpiis.oasis444.com\/wp-content\/uploads\/2025\/06\/IMG_1380-300x225.jpeg 300w, https:\/\/pulpiis.oasis444.com\/wp-content\/uploads\/2025\/06\/IMG_1380-768x576.jpeg 768w, https:\/\/pulpiis.oasis444.com\/wp-content\/uploads\/2025\/06\/IMG_1380-1536x1152.jpeg 1536w, https:\/\/pulpiis.oasis444.com\/wp-content\/uploads\/2025\/06\/IMG_1380-2048x1536.jpeg 2048w\" sizes=\"auto, (max-width: 1024px) 100vw, 1024px\" \/><\/figure>\n\n\n\n<h3 class=\"wp-block-heading\"><strong><strong>Visi\u00f3n<\/strong><\/strong><\/h3>\n\n\n\n<p class=\"has-medium-font-size\">Nuestra visi\u00f3n es ser una empresa dedicada al servicio al cliente y ser reconocidos por nuestros sabores caseros y personal entrenado para generar una experiencia deleitable.<\/p>\n<\/div>\n\n\n\n<div class=\"wp-block-column is-layout-flow wp-block-column-is-layout-flow\">\n<figure class=\"wp-block-image size-full\" style=\"margin-bottom:24px\"><img loading=\"lazy\" decoding=\"async\" width=\"2560\" height=\"1920\" src=\"https:\/\/pulpiis.oasis444.com\/wp-content\/uploads\/2025\/06\/IMG_1379-scaled.jpeg\" alt=\"\" class=\"wp-image-64\" style=\"aspect-ratio:4\/3;object-fit:cover\" srcset=\"https:\/\/pulpiis.oasis444.com\/wp-content\/uploads\/2025\/06\/IMG_1379-scaled.jpeg 2560w, https:\/\/pulpiis.oasis444.com\/wp-content\/uploads\/2025\/06\/IMG_1379-300x225.jpeg 300w, https:\/\/pulpiis.oasis444.com\/wp-content\/uploads\/2025\/06\/IMG_1379-1024x768.jpeg 1024w, https:\/\/pulpiis.oasis444.com\/wp-content\/uploads\/2025\/06\/IMG_1379-768x576.jpeg 768w, https:\/\/pulpiis.oasis444.com\/wp-content\/uploads\/2025\/06\/IMG_1379-1536x1152.jpeg 1536w, https:\/\/pulpiis.oasis444.com\/wp-content\/uploads\/2025\/06\/IMG_1379-2048x1536.jpeg 2048w\" sizes=\"auto, (max-width: 2560px) 100vw, 2560px\" \/><\/figure>\n\n\n\n<h3 class=\"wp-block-heading\"><strong>Respeto<\/strong><\/h3>\n\n\n\n<p class=\"has-medium-font-size\">Buscamos que el respeto siempre exista, tanto con nuestros compa\u00f1eros como con los clientes, ya que es uno de nuestros valores b\u00e1sicos.<\/p>\n<\/div>\n<\/div>\n<\/div>\n","protected":false},"excerpt":{"rendered":"<p>Sobre Nosotros Lo que comenz\u00f3 como una tarea en el aula se transform\u00f3 en una marca con identidad, sabor y [&hellip;]<\/p>\n","protected":false},"author":1,"featured_media":0,"parent":0,"menu_order":0,"comment_status":"closed","ping_status":"closed","template":"","meta":{"site-sidebar-layout":"default","site-content-layout":"","ast-site-content-layout":"narrow-width-container","site-content-style":"default","site-sidebar-style":"default","ast-global-header-display":"","ast-banner-title-visibility":"","ast-main-header-display":"","ast-hfb-above-header-display":"","ast-hfb-below-header-display":"","ast-hfb-mobile-header-display":"","site-post-title":"disabled","ast-breadcrumbs-content":"","ast-featured-img":"","footer-sml-layout":"","theme-transparent-header-meta":"","adv-header-id-meta":"","stick-header-meta":"","header-above-stick-meta":"","header-main-stick-meta":"","header-below-stick-meta":"","astra-migrate-meta-layouts":"default","ast-page-background-enabled":"default","ast-page-background-meta":{"desktop":{"background-color":"var(--ast-global-color-5)","background-image":"","background-repeat":"repeat","background-position":"center center","background-size":"auto","background-attachment":"scroll","background-type":"","background-media":"","overlay-type":"","overlay-color":"","overlay-opacity":"","overlay-gradient":""},"tablet":{"background-color":"","background-image":"","background-repeat":"repeat","background-position":"center center","background-size":"auto","background-attachment":"scroll","background-type":"","background-media":"","overlay-type":"","overlay-color":"","overlay-opacity":"","overlay-gradient":""},"mobile":{"background-color":"","background-image":"","background-repeat":"repeat","background-position":"center center","background-size":"auto","background-attachment":"scroll","background-type":"","background-media":"","overlay-type":"","overlay-color":"","overlay-opacity":"","overlay-gradient":""}},"ast-content-background-meta":{"desktop":{"background-color":"var(--ast-global-color-4)","background-image":"","background-repeat":"repeat","background-position":"center center","background-size":"auto","background-attachment":"scroll","background-type":"","background-media":"","overlay-type":"","overlay-color":"","overlay-opacity":"","overlay-gradient":""},"tablet":{"background-color":"var(--ast-global-color-4)","background-image":"","background-repeat":"repeat","background-position":"center center","background-size":"auto","background-attachment":"scroll","background-type":"","background-media":"","overlay-type":"","overlay-color":"","overlay-opacity":"","overlay-gradient":""},"mobile":{"background-color":"var(--ast-global-color-4)","background-image":"","background-repeat":"repeat","background-position":"center center","background-size":"auto","background-attachment":"scroll","background-type":"","background-media":"","overlay-type":"","overlay-color":"","overlay-opacity":"","overlay-gradient":""}},"footnotes":""},"class_list":["post-43","page","type-page","status-publish","hentry"],"_links":{"self":[{"href":"https:\/\/pulpiis.oasis444.com\/index.php\/wp-json\/wp\/v2\/pages\/43","targetHints":{"allow":["GET"]}}],"collection":[{"href":"https:\/\/pulpiis.oasis444.com\/index.php\/wp-json\/wp\/v2\/pages"}],"about":[{"href":"https:\/\/pulpiis.oasis444.com\/index.php\/wp-json\/wp\/v2\/types\/page"}],"author":[{"embeddable":true,"href":"https:\/\/pulpiis.oasis444.com\/index.php\/wp-json\/wp\/v2\/users\/1"}],"replies":[{"embeddable":true,"href":"https:\/\/pulpiis.oasis444.com\/index.php\/wp-json\/wp\/v2\/comments?post=43"}],"version-history":[{"count":16,"href":"https:\/\/pulpiis.oasis444.com\/index.php\/wp-json\/wp\/v2\/pages\/43\/revisions"}],"predecessor-version":[{"id":135,"href":"https:\/\/pulpiis.oasis444.com\/index.php\/wp-json\/wp\/v2\/pages\/43\/revisions\/135"}],"wp:attachment":[{"href":"https:\/\/pulpiis.oasis444.com\/index.php\/wp-json\/wp\/v2\/media?parent=43"}],"curies":[{"name":"wp","href":"https:\/\/api.w.org\/{rel}","templated":true}]}}