{"id":77,"date":"2025-06-05T17:29:52","date_gmt":"2025-06-05T17:29:52","guid":{"rendered":"https:\/\/pulpiis.oasis444.com\/?page_id=77"},"modified":"2025-06-06T07:55:19","modified_gmt":"2025-06-06T07:55:19","slug":"77-2","status":"publish","type":"page","link":"https:\/\/pulpiis.oasis444.com\/index.php\/77-2\/","title":{"rendered":"Menu \/ Nuestros productos"},"content":{"rendered":"\n<div class=\"wp-block-cover alignfull has-custom-content-position is-position-top-center\" style=\"margin-top:0;padding-top:5vw;padding-right:5vw;padding-bottom:5vw;padding-left:5vw\"><span aria-hidden=\"true\" class=\"wp-block-cover__background has-background-dim-100 has-background-dim\" style=\"background-color:#36220c\"><\/span><div class=\"wp-block-cover__inner-container is-layout-flow wp-block-cover-is-layout-flow\">\n<div class=\"wp-block-group is-content-justification-space-between is-layout-flex wp-container-core-group-is-layout-495512eb wp-block-group-is-layout-flex\">\n<div class=\"wp-block-cover has-custom-content-position is-position-top-right wp-container-content-ceb7f5b3 wp-duotone-unset-1\" style=\"padding-top:4vw;padding-right:4vw;padding-bottom:4vw;padding-left:4vw;min-height:75vh;aspect-ratio:unset;\"><img loading=\"lazy\" decoding=\"async\" width=\"1024\" height=\"1024\" class=\"wp-block-cover__image-background wp-image-95 size-full\" alt=\"\" src=\"http:\/\/pulpiis.oasis444.com\/wp-content\/uploads\/2025\/06\/papas-fritas.jpg\" data-object-fit=\"cover\" srcset=\"https:\/\/pulpiis.oasis444.com\/wp-content\/uploads\/2025\/06\/papas-fritas.jpg 1024w, https:\/\/pulpiis.oasis444.com\/wp-content\/uploads\/2025\/06\/papas-fritas-300x300.jpg 300w, https:\/\/pulpiis.oasis444.com\/wp-content\/uploads\/2025\/06\/papas-fritas-150x150.jpg 150w, https:\/\/pulpiis.oasis444.com\/wp-content\/uploads\/2025\/06\/papas-fritas-768x768.jpg 768w\" sizes=\"auto, (max-width: 1024px) 100vw, 1024px\" \/><span aria-hidden=\"true\" class=\"wp-block-cover__background has-background-dim\" style=\"background-color:#856c46\"><\/span><div class=\"wp-block-cover__inner-container is-layout-flow wp-block-cover-is-layout-flow\">\n<div class=\"wp-block-group is-vertical is-content-justification-right is-nowrap is-layout-flex wp-container-core-group-is-layout-67854338 wp-block-group-is-layout-flex\">\n<p class=\"has-text-color\" style=\"color:#e5683a;font-size:140px;font-style:normal;font-weight:800;letter-spacing:-6px;line-height:0.8;text-transform:uppercase\">Nuestros Productos<\/p>\n\n\n\n<p class=\"has-text-color\" style=\"color:#e5683a;font-size:130px;font-style:normal;font-weight:800;letter-spacing:-6px;line-height:0.8;text-transform:uppercase\">banderillas<\/p>\n\n\n\n<p class=\"has-text-align-center has-text-color\" style=\"color:#d09c9c;font-size:90px;font-style:normal;font-weight:800;letter-spacing:0px;line-height:1;text-transform:uppercase\">salchipapas<\/p>\n\n\n\n<p class=\"has-text-align-center has-text-color\" style=\"color:#e59937;font-size:90px;font-style:normal;font-weight:800;letter-spacing:0px;line-height:0.8;text-transform:uppercase\">agua de horchata<\/p>\n\n\n\n<p class=\"has-text-align-center has-text-color\" style=\"color:#e59937;font-size:90px;font-style:normal;font-weight:800;letter-spacing:0px;line-height:1;text-transform:uppercase\">SWING<\/p>\n<\/div>\n<\/div><\/div>\n<\/div>\n\n\n\n<div style=\"height:155px\" aria-hidden=\"true\" class=\"wp-block-spacer\"><\/div>\n\n\n\n<p class=\"has-text-color\" style=\"color:#e59937;font-size:18px;font-style:normal;font-weight:400;letter-spacing:0px;line-height:1.7\">En cuanto a nuestros ingredientes, en <strong><em>Pulpiis<\/em><\/strong> creemos firmemente en la calidad y frescura. Nuestras <strong>papas<\/strong> son cuidadosamente seleccionadas para garantizar ese dorado crujiente por fuera y una textura suave por dentro. Las <strong>salchichas<\/strong> de nuestras deliciosas <strong>salchipapas y banderillas<\/strong> provienen de proveedores locales de confianza, asegurando un sabor aut\u00e9ntico y delicioso en cada mordida. El aceite que utilizamos para fre\u00edr es de alta calidad, renovado constantemente para ofrecerte productos siempre frescos y con el punto perfecto de cocci\u00f3n.<\/p>\n\n\n\n<p class=\"has-text-color\" style=\"color:#e59937;font-size:18px;font-style:normal;font-weight:400;letter-spacing:0px;line-height:1.7\">Sabemos que en Ensenada disfrutamos de sabores sencillos pero bien hechos, ideales para compartir con amigos y familiares despu\u00e9s de un d\u00eda de playa o como un antojo delicioso en cualquier momento. Por eso, hemos creado este men\u00fa con la intenci\u00f3n de ofrecerte justamente eso: <strong>opciones sabrosas, preparadas con cari\u00f1o y con ingredientes que conocemos y en los que confiamos.<\/strong> \u00a1Esperamos que disfrutes tu elecci\u00f3n!<\/p>\n<\/div><\/div>\n\n\n<div class=\"n2-section-smartslider fitvidsignore  n2_clear\" data-ssid=\"7\" tabindex=\"0\" role=\"region\" aria-label=\"Slider\"><div id=\"n2-ss-7-align\" class=\"n2-ss-align\"><div class=\"n2-padding\"><div id=\"n2-ss-7\" data-creator=\"Smart Slider 3\" data-responsive=\"auto\" class=\"n2-ss-slider n2-ow n2-has-hover n2notransition  \">\n\n\n\n\n\n\n\n\n\n<div class=\"n2-ss-slider-wrapper-outside\" style=\"grid-template-rows:1fr auto\"><div class=\"n2-ss-slider-wrapper-inside\">\n        <div class=\"n2-ss-slider-1 n2_ss__touch_element n2-ow\">\n            <div class=\"n2-ss-slider-2 n2-ow\">\n                                                    <div class=\"n2-ss-background-animation n2-ow\"><\/div>\n                                <div class=\"n2-ss-slider-3 n2-ow\">\n\n                    <div class=\"n2-ss-slide-backgrounds n2-ow-all\"><div class=\"n2-ss-slide-background\" data-public-id=\"1\" data-mode=\"fill\"><div class=\"n2-ss-slide-background-image\" data-blur=\"0\" data-opacity=\"100\" data-x=\"27\" data-y=\"71\" data-alt=\"\" data-title=\"\" style=\"--ss-o-pos-x:27%;--ss-o-pos-y:71%\"><picture class=\"skip-lazy jetpack-lazy-image\" data-skip-lazy=\"1\"><img decoding=\"async\" src=\"\/\/pulpiis.oasis444.com\/wp-content\/uploads\/slider\/cache\/87974f49d3f0b3f8931031ace159f8e5\/sample_0-7.jpg\" alt=\"\" title=\"\" loading=\"lazy\" class=\"skip-lazy jetpack-lazy-image\" data-skip-lazy=\"1\"><\/picture><\/div><div data-color=\"RGBA(255,255,255,0)\" style=\"background-color: RGBA(255,255,255,0);\" class=\"n2-ss-slide-background-color\"><\/div><\/div><div class=\"n2-ss-slide-background\" data-public-id=\"2\" data-mode=\"fill\"><div class=\"n2-ss-slide-background-image\" data-blur=\"0\" data-opacity=\"100\" data-x=\"38\" data-y=\"75\" data-alt=\"\" data-title=\"\" style=\"--ss-o-pos-x:38%;--ss-o-pos-y:75%\"><picture class=\"skip-lazy jetpack-lazy-image\" data-skip-lazy=\"1\"><img decoding=\"async\" src=\"\/\/pulpiis.oasis444.com\/wp-content\/uploads\/slider\/cache\/2ae75f55ad9bae10fae31f8a0cec77d6\/e4970072-64c0-4c6a-ab08-ce8f1b2a73c8.png\" alt=\"\" title=\"\" loading=\"lazy\" class=\"skip-lazy jetpack-lazy-image\" data-skip-lazy=\"1\"><\/picture><\/div><div data-color=\"RGBA(255,255,255,0)\" style=\"background-color: RGBA(255,255,255,0);\" class=\"n2-ss-slide-background-color\"><\/div><\/div><div class=\"n2-ss-slide-background\" data-public-id=\"3\" data-mode=\"fill\"><div class=\"n2-ss-slide-background-image\" data-blur=\"0\" data-opacity=\"100\" data-x=\"12\" data-y=\"22\" data-alt=\"\" data-title=\"\" style=\"--ss-o-pos-x:12%;--ss-o-pos-y:22%\"><picture class=\"skip-lazy jetpack-lazy-image\" data-skip-lazy=\"1\"><img decoding=\"async\" src=\"\/\/pulpiis.oasis444.com\/wp-content\/uploads\/slider\/cache\/5abd7bffa63ba0c68c1439c50dcb8d23\/horchata.jpg\" alt=\"\" title=\"\" loading=\"lazy\" class=\"skip-lazy jetpack-lazy-image\" data-skip-lazy=\"1\"><\/picture><\/div><div data-color=\"RGBA(255,255,255,0)\" style=\"background-color: RGBA(255,255,255,0);\" class=\"n2-ss-slide-background-color\"><\/div><\/div><div class=\"n2-ss-slide-background\" data-public-id=\"4\" data-mode=\"fill\"><div class=\"n2-ss-slide-background-image\" data-blur=\"0\" data-opacity=\"100\" data-x=\"61\" data-y=\"40\" data-alt=\"\" data-title=\"\" style=\"--ss-o-pos-x:61%;--ss-o-pos-y:40%\"><picture class=\"skip-lazy jetpack-lazy-image\" data-skip-lazy=\"1\"><img decoding=\"async\" src=\"\/\/pulpiis.oasis444.com\/wp-content\/uploads\/slider\/cache\/94c4a4d6f69fcfc3276dcc69359a42db\/jamaica2.jpg\" alt=\"\" title=\"\" loading=\"lazy\" class=\"skip-lazy jetpack-lazy-image\" data-skip-lazy=\"1\"><\/picture><\/div><div data-color=\"RGBA(255,255,255,0)\" style=\"background-color: RGBA(255,255,255,0);\" class=\"n2-ss-slide-background-color\"><\/div><\/div><div class=\"n2-ss-slide-background\" data-public-id=\"5\" data-mode=\"fill\"><div class=\"n2-ss-slide-background-image\" data-blur=\"0\" data-opacity=\"100\" data-x=\"86\" data-y=\"71\" data-alt=\"\" data-title=\"\" style=\"--ss-o-pos-x:86%;--ss-o-pos-y:71%\"><picture class=\"skip-lazy jetpack-lazy-image\" data-skip-lazy=\"1\"><img decoding=\"async\" src=\"\/\/pulpiis.oasis444.com\/wp-content\/uploads\/slider\/cache\/89730f9e3b613ccf305d380a9b7deed4\/image-slider-with-thumbnail5.jpg\" alt=\"\" title=\"\" loading=\"lazy\" class=\"skip-lazy jetpack-lazy-image\" data-skip-lazy=\"1\"><\/picture><\/div><div data-color=\"RGBA(255,255,255,0)\" style=\"background-color: RGBA(255,255,255,0);\" class=\"n2-ss-slide-background-color\"><\/div><\/div><div class=\"n2-ss-slide-background\" data-public-id=\"6\" data-mode=\"fill\"><div class=\"n2-ss-slide-background-image\" data-blur=\"0\" data-opacity=\"100\" data-x=\"83\" data-y=\"78\" data-alt=\"\" data-title=\"\" style=\"--ss-o-pos-x:83%;--ss-o-pos-y:78%\"><picture class=\"skip-lazy jetpack-lazy-image\" data-skip-lazy=\"1\"><img decoding=\"async\" src=\"\/\/pulpiis.oasis444.com\/wp-content\/uploads\/slider\/cache\/d31ead14c61d3c95c4cb73deb642fdb2\/image-slider-with-thumbnail6.jpg\" alt=\"\" title=\"\" loading=\"lazy\" class=\"skip-lazy jetpack-lazy-image\" data-skip-lazy=\"1\"><\/picture><\/div><div data-color=\"RGBA(255,255,255,0)\" style=\"background-color: RGBA(255,255,255,0);\" class=\"n2-ss-slide-background-color\"><\/div><\/div><div class=\"n2-ss-slide-background\" data-public-id=\"7\" data-mode=\"fill\"><div class=\"n2-ss-slide-background-image\" data-blur=\"0\" data-opacity=\"100\" data-x=\"45\" data-y=\"9\" data-alt=\"\" data-title=\"\" style=\"--ss-o-pos-x:45%;--ss-o-pos-y:9%\"><picture class=\"skip-lazy jetpack-lazy-image\" data-skip-lazy=\"1\"><img decoding=\"async\" src=\"\/\/pulpiis.oasis444.com\/wp-content\/uploads\/slider\/cache\/61220377c0b701ce8c84bd5c2ead27f2\/image.png\" alt=\"\" title=\"\" loading=\"lazy\" class=\"skip-lazy jetpack-lazy-image\" data-skip-lazy=\"1\"><\/picture><\/div><div data-color=\"RGBA(255,255,255,0)\" style=\"background-color: RGBA(255,255,255,0);\" class=\"n2-ss-slide-background-color\"><\/div><\/div><\/div>                    <div class=\"n2-ss-slider-4 n2-ow\">\n                        <svg xmlns=\"http:\/\/www.w3.org\/2000\/svg\" viewBox=\"0 0 1200 600\" data-related-device=\"desktopPortrait\" class=\"n2-ow n2-ss-preserve-size n2-ss-preserve-size--slider n2-ss-slide-limiter\"><\/svg><svg xmlns=\"http:\/\/www.w3.org\/2000\/svg\" viewBox=\"0 0 440 500\" data-related-device=\"mobilePortrait\" class=\"n2-ow n2-ss-preserve-size n2-ss-preserve-size--slider n2-ss-slide-limiter\"><\/svg><div data-first=\"1\" data-slide-duration=\"0\" data-id=\"24\" data-slide-public-id=\"1\" data-title=\"image-slider-with-thumbnail1.jpeg\" class=\"n2-ss-slide n2-ow  n2-ss-slide-24\"><div role=\"note\" class=\"n2-ss-slide--focus\" tabindex=\"-1\">image-slider-with-thumbnail1.jpeg<\/div><div class=\"n2-ss-layers-container n2-ss-slide-limiter n2-ow\"><div class=\"n2-ss-layer n2-ow n-uc-4oFB7ertD69X\" data-sstype=\"slide\" data-pm=\"default\"><div class=\"n2-ss-layer n2-ow n-uc-1530ede93d30e\" data-pm=\"default\" data-sstype=\"content\" data-hasbackground=\"1\"><div class=\"n2-ss-section-main-content n2-ss-layer-with-background n2-ss-layer-content n2-ow n-uc-1530ede93d30e-inner\"><\/div><\/div><\/div><\/div><\/div><div data-slide-duration=\"0\" data-id=\"25\" data-slide-public-id=\"2\" data-title=\"image-slider-with-thumbnail2.jpeg\" class=\"n2-ss-slide n2-ow  n2-ss-slide-25\"><div role=\"note\" class=\"n2-ss-slide--focus\" tabindex=\"-1\">image-slider-with-thumbnail2.jpeg<\/div><div class=\"n2-ss-layers-container n2-ss-slide-limiter n2-ow\"><div class=\"n2-ss-layer n2-ow n-uc-BCYSVqosozSL\" data-sstype=\"slide\" data-pm=\"default\"><\/div><\/div><\/div><div data-slide-duration=\"0\" data-id=\"26\" data-slide-public-id=\"3\" data-title=\"image-slider-with-thumbnail3.jpeg\" class=\"n2-ss-slide n2-ow  n2-ss-slide-26\"><div role=\"note\" class=\"n2-ss-slide--focus\" tabindex=\"-1\">image-slider-with-thumbnail3.jpeg<\/div><div class=\"n2-ss-layers-container n2-ss-slide-limiter n2-ow\"><div class=\"n2-ss-layer n2-ow n-uc-EpeVyagzXFPv\" data-sstype=\"slide\" data-pm=\"default\"><div class=\"n2-ss-layer n2-ow n-uc-1e8f6672cbc62\" data-pm=\"default\" data-sstype=\"content\" data-hasbackground=\"1\"><div class=\"n2-ss-section-main-content n2-ss-layer-with-background n2-ss-layer-content n2-ow n-uc-1e8f6672cbc62-inner\"><\/div><\/div><\/div><\/div><\/div><div data-slide-duration=\"0\" data-id=\"27\" data-slide-public-id=\"4\" data-title=\"image-slider-with-thumbnail4.jpeg\" class=\"n2-ss-slide n2-ow  n2-ss-slide-27\"><div role=\"note\" class=\"n2-ss-slide--focus\" tabindex=\"-1\">image-slider-with-thumbnail4.jpeg<\/div><div class=\"n2-ss-layers-container n2-ss-slide-limiter n2-ow\"><div class=\"n2-ss-layer n2-ow n-uc-1VWmDYukjNiQ\" data-sstype=\"slide\" data-pm=\"default\"><\/div><\/div><\/div><div data-slide-duration=\"0\" data-id=\"28\" data-slide-public-id=\"5\" data-title=\"image-slider-with-thumbnail5.jpeg\" class=\"n2-ss-slide n2-ow  n2-ss-slide-28\"><div role=\"note\" class=\"n2-ss-slide--focus\" tabindex=\"-1\">image-slider-with-thumbnail5.jpeg<\/div><div class=\"n2-ss-layers-container n2-ss-slide-limiter n2-ow\"><div class=\"n2-ss-layer n2-ow n-uc-zxlI04ZcqHKq\" data-sstype=\"slide\" data-pm=\"default\"><div class=\"n2-ss-layer n2-ow n-uc-1dc5ba38e44e0\" data-pm=\"default\" data-sstype=\"content\" data-hasbackground=\"1\"><div class=\"n2-ss-section-main-content n2-ss-layer-with-background n2-ss-layer-content n2-ow n-uc-1dc5ba38e44e0-inner\"><\/div><\/div><\/div><\/div><\/div><div data-slide-duration=\"0\" data-id=\"29\" data-slide-public-id=\"6\" data-title=\"image-slider-with-thumbnail6.jpeg\" class=\"n2-ss-slide n2-ow  n2-ss-slide-29\"><div role=\"note\" class=\"n2-ss-slide--focus\" tabindex=\"-1\">image-slider-with-thumbnail6.jpeg<\/div><div class=\"n2-ss-layers-container n2-ss-slide-limiter n2-ow\"><div class=\"n2-ss-layer n2-ow n-uc-rVAbRl6IIcQV\" data-sstype=\"slide\" data-pm=\"default\"><div class=\"n2-ss-layer n2-ow n-uc-19b2f900fc9bf\" data-pm=\"default\" data-sstype=\"content\" data-hasbackground=\"1\"><div class=\"n2-ss-section-main-content n2-ss-layer-with-background n2-ss-layer-content n2-ow n-uc-19b2f900fc9bf-inner\"><\/div><\/div><\/div><\/div><\/div><div data-slide-duration=\"0\" data-id=\"30\" data-slide-public-id=\"7\" data-title=\"image-slider-with-thumbnail7.jpeg\" class=\"n2-ss-slide n2-ow  n2-ss-slide-30\"><div role=\"note\" class=\"n2-ss-slide--focus\" tabindex=\"-1\">image-slider-with-thumbnail7.jpeg<\/div><div class=\"n2-ss-layers-container n2-ss-slide-limiter n2-ow\"><div class=\"n2-ss-layer n2-ow n-uc-pfTP5v0CWQmh\" data-sstype=\"slide\" data-pm=\"default\"><\/div><\/div><\/div>                    <\/div>\n\n                                    <\/div>\n            <\/div>\n        <\/div>\n        <div class=\"n2-ss-slider-controls n2-ss-slider-controls-absolute-right-top\"><div style=\"--widget-offset:18px;\" class=\"n2-ss-widget n2-style-39d91de386d63e8e493aa09391e3689f-heading nextend-autoplay n2-ow-all nextend-autoplay-image\" role=\"button\" aria-label=\"Iniciar reproducci\u00f3n autom\u00e1tica\" data-pause-label=\"Pausar reproducci\u00f3n autom\u00e1tica\" data-play-label=\"Iniciar reproducci\u00f3n autom\u00e1tica\" tabindex=\"0\"><img loading=\"lazy\" decoding=\"async\" width=\"16\" height=\"16\" class=\"nextend-autoplay-play skip-lazy jetpack-lazy-image\" data-skip-lazy=\"1\" src=\"data:image\/svg+xml;base64,PHN2ZyB3aWR0aD0iMTYiIGhlaWdodD0iMTYiIHZpZXdCb3g9IjAgMCAxNiAxNiIgeG1sbnM9Imh0dHA6Ly93d3cudzMub3JnLzIwMDAvc3ZnIj4KICAgIDxwYXRoIGQ9Ik0xMS41OCA3LjAzTDUuMzAyIDIuMTY1QzUuMTY1IDIuMDU3IDUuMDE2IDIgNC44NTcgMiA0LjM4NCAyIDQgMi41MDQgNCAzLjEyNXY5Ljc1YzAgLjYyLjM4NCAxLjEyNS44NTcgMS4xMjUuMTYgMCAuMzA4LS4wNTcuNDM2LS4xNTZMMTEuNTggOC45N2MuMjUtLjE5OC40Mi0uNTU4LjQyLS45NyAwLS40MTItLjE3LS43NzMtLjQyLS45N3oiCiAgICAgICAgICBmaWxsPSIjZmZmZmZmIiBvcGFjaXR5PSIwLjgiIGZpbGwtcnVsZT0iZXZlbm9kZCIvPgo8L3N2Zz4=\" alt=\"Play\"><img loading=\"lazy\" decoding=\"async\" width=\"16\" height=\"16\" class=\"nextend-autoplay-pause skip-lazy jetpack-lazy-image\" data-skip-lazy=\"1\" src=\"data:image\/svg+xml;base64,PHN2ZyB3aWR0aD0iMTYiIGhlaWdodD0iMTYiIHZpZXdCb3g9IjAgMCAxNiAxNiIgeG1sbnM9Imh0dHA6Ly93d3cudzMub3JnLzIwMDAvc3ZnIj4KICAgIDxwYXRoIGQ9Ik00IDJ2MTJoM1YySDR6bTUgMHYxMmgzVjJIOXoiIGZpbGw9IiNmZmZmZmYiIG9wYWNpdHk9IjAuOCIgZmlsbC1ydWxlPSJldmVub2RkIi8+Cjwvc3ZnPg==\" alt=\"Pause\"><\/div><\/div><\/div><div class=\"n2-ss-slider-controls n2-ss-slider-controls-below\"><div data-width-percent=\"100\" class=\"n2-ss-widget nextend-thumbnail nextend-thumbnail-default nextend-thumbnail-horizontal n2-ow-all\" style=\"width:100%;\" data-has-next=\"0\" data-has-previous=\"0\"><div class=\"nextend-thumbnail-inner n2-style-2cfadb9440b7ddf3e0fb53c7f16adab2-simple \"><div class=\"nextend-thumbnail-scroller n2-align-content-start\" style=\"grid-template-rows:repeat(1, 1fr)\"><div class=\"n2-thumbnail-dot n2-style-2840da0471d42fe2fd2d7302d55cb2f2-dot \" data-slide-public-id=\"1\" role=\"button\" aria-label=\"image-slider-with-thumbnail1.jpeg\" tabindex=\"0\"><picture class=\"skip-lazy jetpack-lazy-image\" data-skip-lazy=\"1\"><img decoding=\"async\" alt=\"image-slider-with-thumbnail1.jpeg\" src=\"https:\/\/pulpiis.oasis444.com\/wp-content\/uploads\/slider\/cache\/e70e06a0d41dd0a53a4a76b7152aec7b\/sample_0-7.jpg\" width=\"240\" height=\"120\" loading=\"lazy\" class=\"skip-lazy jetpack-lazy-image\" data-skip-lazy=\"1\" \/><\/picture><\/div><div class=\"n2-thumbnail-dot n2-style-2840da0471d42fe2fd2d7302d55cb2f2-dot \" data-slide-public-id=\"2\" role=\"button\" aria-label=\"image-slider-with-thumbnail2.jpeg\" tabindex=\"0\"><picture class=\"skip-lazy jetpack-lazy-image\" data-skip-lazy=\"1\"><img decoding=\"async\" alt=\"image-slider-with-thumbnail2.jpeg\" src=\"https:\/\/pulpiis.oasis444.com\/wp-content\/uploads\/slider\/cache\/a67667a3dfc63dd2a128f754b0995d0d\/e4970072-64c0-4c6a-ab08-ce8f1b2a73c8.png\" width=\"240\" height=\"120\" loading=\"lazy\" class=\"skip-lazy jetpack-lazy-image\" data-skip-lazy=\"1\" \/><\/picture><\/div><div class=\"n2-thumbnail-dot n2-style-2840da0471d42fe2fd2d7302d55cb2f2-dot \" data-slide-public-id=\"3\" role=\"button\" aria-label=\"image-slider-with-thumbnail3.jpeg\" tabindex=\"0\"><picture class=\"skip-lazy jetpack-lazy-image\" data-skip-lazy=\"1\"><img decoding=\"async\" alt=\"image-slider-with-thumbnail3.jpeg\" src=\"https:\/\/pulpiis.oasis444.com\/wp-content\/uploads\/slider\/cache\/88f2bfdebb4f4ad0635c1a2a9cfe5854\/horchata.jpg\" width=\"240\" height=\"120\" loading=\"lazy\" class=\"skip-lazy jetpack-lazy-image\" data-skip-lazy=\"1\" \/><\/picture><\/div><div class=\"n2-thumbnail-dot n2-style-2840da0471d42fe2fd2d7302d55cb2f2-dot \" data-slide-public-id=\"4\" role=\"button\" aria-label=\"image-slider-with-thumbnail4.jpeg\" tabindex=\"0\"><picture class=\"skip-lazy jetpack-lazy-image\" data-skip-lazy=\"1\"><img decoding=\"async\" alt=\"image-slider-with-thumbnail4.jpeg\" src=\"https:\/\/pulpiis.oasis444.com\/wp-content\/uploads\/slider\/cache\/33d68c56adbbd013a3f00b8631483a82\/jamaica2.jpg\" width=\"240\" height=\"120\" loading=\"lazy\" class=\"skip-lazy jetpack-lazy-image\" data-skip-lazy=\"1\" \/><\/picture><\/div><div class=\"n2-thumbnail-dot n2-style-2840da0471d42fe2fd2d7302d55cb2f2-dot \" data-slide-public-id=\"5\" role=\"button\" aria-label=\"image-slider-with-thumbnail5.jpeg\" tabindex=\"0\"><picture class=\"skip-lazy jetpack-lazy-image\" data-skip-lazy=\"1\"><img decoding=\"async\" alt=\"image-slider-with-thumbnail5.jpeg\" src=\"https:\/\/pulpiis.oasis444.com\/wp-content\/uploads\/slider\/cache\/9486a79ec65844791feb45205a871c2e\/image-slider-with-thumbnail5.jpg\" width=\"240\" height=\"120\" loading=\"lazy\" class=\"skip-lazy jetpack-lazy-image\" data-skip-lazy=\"1\" \/><\/picture><\/div><div class=\"n2-thumbnail-dot n2-style-2840da0471d42fe2fd2d7302d55cb2f2-dot \" data-slide-public-id=\"6\" role=\"button\" aria-label=\"image-slider-with-thumbnail6.jpeg\" tabindex=\"0\"><picture class=\"skip-lazy jetpack-lazy-image\" data-skip-lazy=\"1\"><img decoding=\"async\" alt=\"image-slider-with-thumbnail6.jpeg\" src=\"https:\/\/pulpiis.oasis444.com\/wp-content\/uploads\/slider\/cache\/2a9d270b5cf40d0e8c791f500ff8ebbe\/image-slider-with-thumbnail6.jpg\" width=\"240\" height=\"120\" loading=\"lazy\" class=\"skip-lazy jetpack-lazy-image\" data-skip-lazy=\"1\" \/><\/picture><\/div><div class=\"n2-thumbnail-dot n2-style-2840da0471d42fe2fd2d7302d55cb2f2-dot \" data-slide-public-id=\"7\" role=\"button\" aria-label=\"image-slider-with-thumbnail7.jpeg\" tabindex=\"0\"><picture class=\"skip-lazy jetpack-lazy-image\" data-skip-lazy=\"1\"><img decoding=\"async\" alt=\"image-slider-with-thumbnail7.jpeg\" src=\"https:\/\/pulpiis.oasis444.com\/wp-content\/uploads\/slider\/cache\/51d2b16323f1b8ba8e00bffc8e09c79d\/image.png\" width=\"240\" height=\"120\" loading=\"lazy\" class=\"skip-lazy jetpack-lazy-image\" data-skip-lazy=\"1\" \/><\/picture><\/div><\/div><\/div><\/div><\/div><\/div><\/div><ss3-loader><\/ss3-loader><\/div><\/div><div class=\"n2_clear\"><\/div><\/div>","protected":false},"excerpt":{"rendered":"","protected":false},"author":2,"featured_media":0,"parent":0,"menu_order":0,"comment_status":"closed","ping_status":"closed","template":"","meta":{"site-sidebar-layout":"default","site-content-layout":"","ast-site-content-layout":"","site-content-style":"default","site-sidebar-style":"default","ast-global-header-display":"","ast-banner-title-visibility":"","ast-main-header-display":"","ast-hfb-above-header-display":"","ast-hfb-below-header-display":"","ast-hfb-mobile-header-display":"","site-post-title":"","ast-breadcrumbs-content":"","ast-featured-img":"","footer-sml-layout":"","theme-transparent-header-meta":"","adv-header-id-meta":"","stick-header-meta":"","header-above-stick-meta":"","header-main-stick-meta":"","header-below-stick-meta":"","astra-migrate-meta-layouts":"default","ast-page-background-enabled":"default","ast-page-background-meta":{"desktop":{"background-color":"var(--ast-global-color-5)","background-image":"","background-repeat":"repeat","background-position":"center center","background-size":"auto","background-attachment":"scroll","background-type":"","background-media":"","overlay-type":"","overlay-color":"","overlay-opacity":"","overlay-gradient":""},"tablet":{"background-color":"","background-image":"","background-repeat":"repeat","background-position":"center center","background-size":"auto","background-attachment":"scroll","background-type":"","background-media":"","overlay-type":"","overlay-color":"","overlay-opacity":"","overlay-gradient":""},"mobile":{"background-color":"","background-image":"","background-repeat":"repeat","background-position":"center center","background-size":"auto","background-attachment":"scroll","background-type":"","background-media":"","overlay-type":"","overlay-color":"","overlay-opacity":"","overlay-gradient":""}},"ast-content-background-meta":{"desktop":{"background-color":"var(--ast-global-color-4)","background-image":"","background-repeat":"repeat","background-position":"center center","background-size":"auto","background-attachment":"scroll","background-type":"","background-media":"","overlay-type":"","overlay-color":"","overlay-opacity":"","overlay-gradient":""},"tablet":{"background-color":"var(--ast-global-color-4)","background-image":"","background-repeat":"repeat","background-position":"center center","background-size":"auto","background-attachment":"scroll","background-type":"","background-media":"","overlay-type":"","overlay-color":"","overlay-opacity":"","overlay-gradient":""},"mobile":{"background-color":"var(--ast-global-color-4)","background-image":"","background-repeat":"repeat","background-position":"center center","background-size":"auto","background-attachment":"scroll","background-type":"","background-media":"","overlay-type":"","overlay-color":"","overlay-opacity":"","overlay-gradient":""}},"footnotes":""},"class_list":["post-77","page","type-page","status-publish","hentry"],"_links":{"self":[{"href":"https:\/\/pulpiis.oasis444.com\/index.php\/wp-json\/wp\/v2\/pages\/77","targetHints":{"allow":["GET"]}}],"collection":[{"href":"https:\/\/pulpiis.oasis444.com\/index.php\/wp-json\/wp\/v2\/pages"}],"about":[{"href":"https:\/\/pulpiis.oasis444.com\/index.php\/wp-json\/wp\/v2\/types\/page"}],"author":[{"embeddable":true,"href":"https:\/\/pulpiis.oasis444.com\/index.php\/wp-json\/wp\/v2\/users\/2"}],"replies":[{"embeddable":true,"href":"https:\/\/pulpiis.oasis444.com\/index.php\/wp-json\/wp\/v2\/comments?post=77"}],"version-history":[{"count":9,"href":"https:\/\/pulpiis.oasis444.com\/index.php\/wp-json\/wp\/v2\/pages\/77\/revisions"}],"predecessor-version":[{"id":153,"href":"https:\/\/pulpiis.oasis444.com\/index.php\/wp-json\/wp\/v2\/pages\/77\/revisions\/153"}],"wp:attachment":[{"href":"https:\/\/pulpiis.oasis444.com\/index.php\/wp-json\/wp\/v2\/media?parent=77"}],"curies":[{"name":"wp","href":"https:\/\/api.w.org\/{rel}","templated":true}]}}